{"id":635,"date":"2018-06-29T23:21:13","date_gmt":"2018-06-29T21:21:13","guid":{"rendered":"https:\/\/madrugadagb.org\/wordpress\/?page_id=635"},"modified":"2018-06-29T23:21:13","modified_gmt":"2018-06-29T21:21:13","slug":"front-page","status":"publish","type":"page","link":"https:\/\/madrugadagb.org\/wordpress\/pt\/","title":{"rendered":"Front Page"},"content":{"rendered":"<p><img decoding=\"async\" data-src=\"https:\/\/madrugadagb.org\/wordpress\/wp-content\/uploads\/2018\/05\/Logo-DEFINITIVO-Associazione-Guinea-Bissau-2014-Trasp-150x150.png\" alt=\"LogoAssociazione\" title=\"LogoAssociazione\" border=\"0\" class=\"alignleft lazyload\" src=\"data:image\/svg+xml;base64,PHN2ZyB3aWR0aD0iMSIgaGVpZ2h0PSIxIiB4bWxucz0iaHR0cDovL3d3dy53My5vcmcvMjAwMC9zdmciPjwvc3ZnPg==\" style=\"--smush-placeholder-width: 150px; --smush-placeholder-aspect-ratio: 150\/150;\" \/>Estas no sito da <strong>Associa\u00e7\u00e3o para a Colabora\u00e7\u00e3o ao Desenvolvimento de Base da Guin\u00e9-Bissau<\/strong>.<\/p>\n<p>Esta associa\u00e7ao nasceu para colaborar con uma realidade do Terceiro Mundo ja existente e consolidada: a <strong>Cooperativa \u201dMadrugada\u201d<\/strong> di Bissau.<\/p>\n<p>A Cooperativa foi fundada em 1991 na Guin\u00e9-Bissau por un grupo d\u00e9 medicos e um sacerdote, depois de uma constata\u00e7\u00e3o que as extructuras socialis existentes s\u00e3o absolutamente inqualificaveis as necessidades socio-sanitario de base: objectivo \u00e8 de fornecer prestacoes professionalmente qualificados a pre\u00e7os baixos.<\/p>\n<p>Tal cooperativa n\u00e3o \u00e8 gestida pela realidade estrangeira, essa d\u00e1 emprego a cidad\u00e3os guineenses e se autofinancia. Applicando pre\u00e7os baixos, n\u00e3o \u00e8 possivel produzir capital da utilizar para fazer investimentos no campo humano, tecnologico e financiario.<\/p>\n<p>A associa\u00e7\u00e3o interv\u00eam somente a nivel de\u00a0investimento, nos termos de qualifica\u00e7\u00e3o professional, materiais e os edif\u00edcios. Controla tamb\u00e9m a gest\u00e3o dos pr\u00f3prios projectos de investimento, cuja realiz\u00e7\u00e3o compete a Cooperativa Madrugada.<\/p>\n","protected":false},"excerpt":{"rendered":"<p>Estas no sito da Associa\u00e7\u00e3o para a Colabora\u00e7\u00e3o ao Desenvolvimento de Base da Guin\u00e9-Bissau. Esta associa\u00e7ao nasceu para colaborar con uma realidade do Terceiro Mundo ja existente e consolidada: a Cooperativa \u201dMadrugada\u201d di Bissau. A Cooperativa foi fundada em 1991 na Guin\u00e9-Bissau por un grupo d\u00e9 medicos e um sacerdote, [&hellip;]<\/p>\n","protected":false},"author":2,"featured_media":0,"parent":0,"menu_order":0,"comment_status":"closed","ping_status":"closed","template":"","meta":{"footnotes":""},"class_list":["post-635","page","type-page","status-publish","hentry"],"_links":{"self":[{"href":"https:\/\/madrugadagb.org\/wordpress\/wp-json\/wp\/v2\/pages\/635","targetHints":{"allow":["GET"]}}],"collection":[{"href":"https:\/\/madrugadagb.org\/wordpress\/wp-json\/wp\/v2\/pages"}],"about":[{"href":"https:\/\/madrugadagb.org\/wordpress\/wp-json\/wp\/v2\/types\/page"}],"author":[{"embeddable":true,"href":"https:\/\/madrugadagb.org\/wordpress\/wp-json\/wp\/v2\/users\/2"}],"replies":[{"embeddable":true,"href":"https:\/\/madrugadagb.org\/wordpress\/wp-json\/wp\/v2\/comments?post=635"}],"version-history":[{"count":2,"href":"https:\/\/madrugadagb.org\/wordpress\/wp-json\/wp\/v2\/pages\/635\/revisions"}],"predecessor-version":[{"id":637,"href":"https:\/\/madrugadagb.org\/wordpress\/wp-json\/wp\/v2\/pages\/635\/revisions\/637"}],"wp:attachment":[{"href":"https:\/\/madrugadagb.org\/wordpress\/wp-json\/wp\/v2\/media?parent=635"}],"curies":[{"name":"wp","href":"https:\/\/api.w.org\/{rel}","templated":true}]}}